{"id":65,"date":"2025-01-09T06:48:37","date_gmt":"2025-01-09T05:48:37","guid":{"rendered":"https:\/\/www.casa-mare-e-vista-propriano.com\/?page_id=65"},"modified":"2025-01-10T06:05:44","modified_gmt":"2025-01-10T05:05:44","slug":"mentions-legales","status":"publish","type":"page","link":"https:\/\/www.residence-giovanello-porto-pollo.com\/en\/mentions-legales\/","title":{"rendered":"Legal information"},"content":{"rendered":"<p><strong>Site publisher<\/strong><br>This website is published by :<br><strong>SAS MAREVISTA<\/strong><br>Address: 4 A Funtana d'U Frusteru, 20110 Propriano<br>Share capital: \u20ac1,000<br>SIRET: 825 063 860 00019<br>RCS: Ajaccio B 825 063 860<br>Intracommunity VAT number: FR09825063860<br>Telephone: +33 (0)6 19 99 41 48<br>E-mail : <a>marevista1@orange.fr<\/a><br>Publication manager: Laurent Micheletti<\/p>\n\n\n\n<p><strong>Hosting<\/strong><br>The site is hosted by :<br><strong>OVH SAS<\/strong><br>Address: 2 rue Kellermann, 59100 Roubaix, France<br>Telephone: +33 9 72 10 10 07<br>Website : <a href=\"https:\/\/www.ovh.com\">https:\/\/www.ovh.com<\/a><\/p>\n\n\n\n<p><strong>Design and production<\/strong><br>The site was designed and produced by :<br><strong>Influenci Agency<\/strong><br>Address: Route de la Corniche, 20110 Propriano<br>Telephone: +33 (0)4 95 53 46 36<br>E-mail : <a>contact@influenci.com<\/a><br>Website : <a href=\"https:\/\/www.influenci.com\">https:\/\/www.influenci.com<\/a><\/p>\n\n\n\n<p><strong>Intellectual property<\/strong><br>All content on this site (text, images, graphics, logos, icons, etc.) is the exclusive property of SAS MAREVISTA, with the exception of trademarks, logos or content belonging to other partner companies or authors. Any reproduction, distribution, modification, adaptation, retransmission or publication, even partial, of these various elements is strictly forbidden without the express written consent of SAS MAREVISTA. This representation or reproduction, by any means whatsoever, constitutes an infringement punishable by articles L.335-2 et seq. of the French Intellectual Property Code. Failure to comply with this prohibition constitutes an infringement which may incur the civil and criminal liability of the infringer.<\/p>\n\n\n\n<p><strong>Liability<\/strong><br>SAS MAREVISTA makes every effort to provide users with reliable and up-to-date information. However, errors or omissions may occur. The user must therefore ensure the accuracy of the information provided by SAS MAREVISTA, and report any changes to the site that he\/she considers useful. SAS MAREVISTA is in no way responsible for the use made of this information, nor for any direct or indirect prejudice that may result.<\/p>\n\n\n\n<p><strong>Personal data<\/strong><br>The information collected on this site is necessary to process your requests. It is intended exclusively for SAS MAREVISTA and will under no circumstances be passed on to third parties without your prior consent. In accordance with the French Data Protection Act, you have the right to access, rectify and delete data concerning you by contacting us at the following address: <a>marevista1@orange.fr<\/a>.<\/p>\n\n\n\n<p><strong>Cookies<\/strong><br>The site may use cookies to improve your browsing experience. You can configure your browser to refuse cookies. However, some of the site's functions may be impaired if cookies are deactivated.<\/p>\n\n\n\n<p><strong>Litigation<\/strong><br>This legal notice is governed by French law. Any dispute relating to their interpretation or execution shall be referred to the competent courts of Ajaccio.<\/p>","protected":false},"excerpt":{"rendered":"<p>Site publisherThis site is published by:SAS MAREVISTAAddress: 4 A Funtana d'U Frusteru, 20110 ProprianoShare capital: \u20ac1,000SIRET: 825 063 860 00019RCS: Ajaccio B 825 063 860Intra-Community VAT number: FR09825063860Telephone: +33 (0)6 19 99 41 48E-mail: marevista1@orange.frDirecteur Publication manager: Laurent Micheletti HostingThe [...]<\/p>","protected":false},"author":1,"featured_media":0,"parent":0,"menu_order":0,"comment_status":"closed","ping_status":"closed","template":"","meta":{"_acf_changed":false,"footnotes":""},"class_list":["post-65","page","type-page","status-publish","hentry"],"acf":[],"yoast_head":"<!-- This site is optimized with the Yoast SEO plugin v24.2 - https:\/\/yoast.com\/wordpress\/plugins\/seo\/ -->\n<title>Mentions l\u00e9gales - R\u00e9sidence Giovanello<\/title>\n<meta name=\"robots\" content=\"index, follow, max-snippet:-1, max-image-preview:large, max-video-preview:-1\" \/>\n<link rel=\"canonical\" href=\"https:\/\/www.residence-giovanello-porto-pollo.com\/en\/mentions-legales\/\" \/>\n<meta property=\"og:locale\" content=\"en_GB\" \/>\n<meta property=\"og:type\" content=\"article\" \/>\n<meta property=\"og:title\" content=\"Mentions l\u00e9gales - R\u00e9sidence Giovanello\" \/>\n<meta property=\"og:description\" content=\"\u00c9diteur du siteLe pr\u00e9sent site est \u00e9dit\u00e9 par :SAS MAREVISTAAdresse : 4 A Funtana d&rsquo;U Frusteru, 20110 ProprianoCapital social : 1 000 \u20acSIRET : 825 063 860 00019RCS : Ajaccio B 825 063 860Num\u00e9ro de TVA intracommunautaire : FR09825063860T\u00e9l\u00e9phone : +33 (0)6 19 99 41 48E-mail : marevista1@orange.frDirecteur de la publication : Laurent Micheletti H\u00e9bergementLe [&hellip;]\" \/>\n<meta property=\"og:url\" content=\"https:\/\/www.residence-giovanello-porto-pollo.com\/en\/mentions-legales\/\" \/>\n<meta property=\"og:site_name\" content=\"R\u00e9sidence Giovanello\" \/>\n<meta property=\"article:modified_time\" content=\"2025-01-10T05:05:44+00:00\" \/>\n<meta name=\"twitter:card\" content=\"summary_large_image\" \/>\n<meta name=\"twitter:label1\" content=\"Estimated reading time\" \/>\n\t<meta name=\"twitter:data1\" content=\"2 minutes\" \/>\n<script type=\"application\/ld+json\" class=\"yoast-schema-graph\">{\"@context\":\"https:\/\/schema.org\",\"@graph\":[{\"@type\":\"WebPage\",\"@id\":\"https:\/\/www.residence-giovanello-porto-pollo.com\/mentions-legales\/\",\"url\":\"https:\/\/www.residence-giovanello-porto-pollo.com\/mentions-legales\/\",\"name\":\"Mentions l\u00e9gales - R\u00e9sidence Giovanello\",\"isPartOf\":{\"@id\":\"https:\/\/www.residence-giovanello-porto-pollo.com\/#website\"},\"datePublished\":\"2025-01-09T05:48:37+00:00\",\"dateModified\":\"2025-01-10T05:05:44+00:00\",\"breadcrumb\":{\"@id\":\"https:\/\/www.residence-giovanello-porto-pollo.com\/mentions-legales\/#breadcrumb\"},\"inLanguage\":\"en-GB\",\"potentialAction\":[{\"@type\":\"ReadAction\",\"target\":[\"https:\/\/www.residence-giovanello-porto-pollo.com\/mentions-legales\/\"]}]},{\"@type\":\"BreadcrumbList\",\"@id\":\"https:\/\/www.residence-giovanello-porto-pollo.com\/mentions-legales\/#breadcrumb\",\"itemListElement\":[{\"@type\":\"ListItem\",\"position\":1,\"name\":\"Accueil\",\"item\":\"https:\/\/www.residence-giovanello-porto-pollo.com\/\"},{\"@type\":\"ListItem\",\"position\":2,\"name\":\"Mentions l\u00e9gales\"}]},{\"@type\":\"WebSite\",\"@id\":\"https:\/\/www.residence-giovanello-porto-pollo.com\/#website\",\"url\":\"https:\/\/www.residence-giovanello-porto-pollo.com\/\",\"name\":\"R\u00e9sidence Giovanello\",\"description\":\"R\u00e9sidence h\u00f4teli\u00e8re \u00e0 Porto-Pollo\",\"publisher\":{\"@id\":\"https:\/\/www.residence-giovanello-porto-pollo.com\/#organization\"},\"potentialAction\":[{\"@type\":\"SearchAction\",\"target\":{\"@type\":\"EntryPoint\",\"urlTemplate\":\"https:\/\/www.residence-giovanello-porto-pollo.com\/?s={search_term_string}\"},\"query-input\":{\"@type\":\"PropertyValueSpecification\",\"valueRequired\":true,\"valueName\":\"search_term_string\"}}],\"inLanguage\":\"en-GB\"},{\"@type\":\"Organization\",\"@id\":\"https:\/\/www.residence-giovanello-porto-pollo.com\/#organization\",\"name\":\"R\u00e9sidence Giovanello\",\"url\":\"https:\/\/www.residence-giovanello-porto-pollo.com\/\",\"logo\":{\"@type\":\"ImageObject\",\"inLanguage\":\"en-GB\",\"@id\":\"https:\/\/www.residence-giovanello-porto-pollo.com\/#\/schema\/logo\/image\/\",\"url\":\"https:\/\/www.residence-giovanello-porto-pollo.com\/wp-content\/uploads\/2025\/01\/giovanello_logotype1.png\",\"contentUrl\":\"https:\/\/www.residence-giovanello-porto-pollo.com\/wp-content\/uploads\/2025\/01\/giovanello_logotype1.png\",\"width\":683,\"height\":179,\"caption\":\"R\u00e9sidence Giovanello\"},\"image\":{\"@id\":\"https:\/\/www.residence-giovanello-porto-pollo.com\/#\/schema\/logo\/image\/\"}}]}<\/script>\n<!-- \/ Yoast SEO plugin. -->","yoast_head_json":{"title":"Mentions l\u00e9gales - R\u00e9sidence Giovanello","robots":{"index":"index","follow":"follow","max-snippet":"max-snippet:-1","max-image-preview":"max-image-preview:large","max-video-preview":"max-video-preview:-1"},"canonical":"https:\/\/www.residence-giovanello-porto-pollo.com\/en\/mentions-legales\/","og_locale":"en_GB","og_type":"article","og_title":"Mentions l\u00e9gales - R\u00e9sidence Giovanello","og_description":"\u00c9diteur du siteLe pr\u00e9sent site est \u00e9dit\u00e9 par :SAS MAREVISTAAdresse : 4 A Funtana d&rsquo;U Frusteru, 20110 ProprianoCapital social : 1 000 \u20acSIRET : 825 063 860 00019RCS : Ajaccio B 825 063 860Num\u00e9ro de TVA intracommunautaire : FR09825063860T\u00e9l\u00e9phone : +33 (0)6 19 99 41 48E-mail : marevista1@orange.frDirecteur de la publication : Laurent Micheletti H\u00e9bergementLe [&hellip;]","og_url":"https:\/\/www.residence-giovanello-porto-pollo.com\/en\/mentions-legales\/","og_site_name":"R\u00e9sidence Giovanello","article_modified_time":"2025-01-10T05:05:44+00:00","twitter_card":"summary_large_image","twitter_misc":{"Estimated reading time":"2 minutes"},"schema":{"@context":"https:\/\/schema.org","@graph":[{"@type":"WebPage","@id":"https:\/\/www.residence-giovanello-porto-pollo.com\/mentions-legales\/","url":"https:\/\/www.residence-giovanello-porto-pollo.com\/mentions-legales\/","name":"Mentions l\u00e9gales - R\u00e9sidence Giovanello","isPartOf":{"@id":"https:\/\/www.residence-giovanello-porto-pollo.com\/#website"},"datePublished":"2025-01-09T05:48:37+00:00","dateModified":"2025-01-10T05:05:44+00:00","breadcrumb":{"@id":"https:\/\/www.residence-giovanello-porto-pollo.com\/mentions-legales\/#breadcrumb"},"inLanguage":"en-GB","potentialAction":[{"@type":"ReadAction","target":["https:\/\/www.residence-giovanello-porto-pollo.com\/mentions-legales\/"]}]},{"@type":"BreadcrumbList","@id":"https:\/\/www.residence-giovanello-porto-pollo.com\/mentions-legales\/#breadcrumb","itemListElement":[{"@type":"ListItem","position":1,"name":"Accueil","item":"https:\/\/www.residence-giovanello-porto-pollo.com\/"},{"@type":"ListItem","position":2,"name":"Mentions l\u00e9gales"}]},{"@type":"WebSite","@id":"https:\/\/www.residence-giovanello-porto-pollo.com\/#website","url":"https:\/\/www.residence-giovanello-porto-pollo.com\/","name":"R\u00e9sidence Giovanello","description":"R\u00e9sidence h\u00f4teli\u00e8re \u00e0 Porto-Pollo","publisher":{"@id":"https:\/\/www.residence-giovanello-porto-pollo.com\/#organization"},"potentialAction":[{"@type":"SearchAction","target":{"@type":"EntryPoint","urlTemplate":"https:\/\/www.residence-giovanello-porto-pollo.com\/?s={search_term_string}"},"query-input":{"@type":"PropertyValueSpecification","valueRequired":true,"valueName":"search_term_string"}}],"inLanguage":"en-GB"},{"@type":"Organization","@id":"https:\/\/www.residence-giovanello-porto-pollo.com\/#organization","name":"R\u00e9sidence Giovanello","url":"https:\/\/www.residence-giovanello-porto-pollo.com\/","logo":{"@type":"ImageObject","inLanguage":"en-GB","@id":"https:\/\/www.residence-giovanello-porto-pollo.com\/#\/schema\/logo\/image\/","url":"https:\/\/www.residence-giovanello-porto-pollo.com\/wp-content\/uploads\/2025\/01\/giovanello_logotype1.png","contentUrl":"https:\/\/www.residence-giovanello-porto-pollo.com\/wp-content\/uploads\/2025\/01\/giovanello_logotype1.png","width":683,"height":179,"caption":"R\u00e9sidence Giovanello"},"image":{"@id":"https:\/\/www.residence-giovanello-porto-pollo.com\/#\/schema\/logo\/image\/"}}]}},"_links":{"self":[{"href":"https:\/\/www.residence-giovanello-porto-pollo.com\/en\/wp-json\/wp\/v2\/pages\/65","targetHints":{"allow":["GET"]}}],"collection":[{"href":"https:\/\/www.residence-giovanello-porto-pollo.com\/en\/wp-json\/wp\/v2\/pages"}],"about":[{"href":"https:\/\/www.residence-giovanello-porto-pollo.com\/en\/wp-json\/wp\/v2\/types\/page"}],"author":[{"embeddable":true,"href":"https:\/\/www.residence-giovanello-porto-pollo.com\/en\/wp-json\/wp\/v2\/users\/1"}],"replies":[{"embeddable":true,"href":"https:\/\/www.residence-giovanello-porto-pollo.com\/en\/wp-json\/wp\/v2\/comments?post=65"}],"version-history":[{"count":2,"href":"https:\/\/www.residence-giovanello-porto-pollo.com\/en\/wp-json\/wp\/v2\/pages\/65\/revisions"}],"predecessor-version":[{"id":305,"href":"https:\/\/www.residence-giovanello-porto-pollo.com\/en\/wp-json\/wp\/v2\/pages\/65\/revisions\/305"}],"wp:attachment":[{"href":"https:\/\/www.residence-giovanello-porto-pollo.com\/en\/wp-json\/wp\/v2\/media?parent=65"}],"curies":[{"name":"wp","href":"https:\/\/api.w.org\/{rel}","templated":true}]}}