{"id":27,"date":"2025-01-09T05:50:19","date_gmt":"2025-01-09T04:50:19","guid":{"rendered":"https:\/\/www.casa-mare-e-vista-propriano.com\/?page_id=27"},"modified":"2025-01-29T04:53:21","modified_gmt":"2025-01-29T03:53:21","slug":"situation","status":"publish","type":"page","link":"https:\/\/www.residence-giovanello-porto-pollo.com\/en\/situation\/","title":{"rendered":"Sartenais-Valinco: a dream region in the heart of southern Corsica"},"content":{"rendered":"<div data-elementor-type=\"wp-page\" data-elementor-id=\"27\" class=\"elementor elementor-27\" data-elementor-post-type=\"page\">\n\t\t\t\t<div class=\"elementor-element elementor-element-49a57b84 e-flex e-con-boxed e-con e-parent\" data-id=\"49a57b84\" data-element_type=\"container\">\n\t\t\t\t\t<div class=\"e-con-inner\">\n\t\t\t\t<div class=\"elementor-element elementor-element-7a88f89c elementor-widget elementor-widget-text-editor\" data-id=\"7a88f89c\" data-element_type=\"widget\" data-widget_type=\"text-editor.default\">\n\t\t\t\t<div class=\"elementor-widget-container\">\n\t\t\t\t\t\t\t\t\t\n<p><\/p>\n\n\n\n<p><\/p>\n\t\t\t\t\t\t\t\t<\/div>\n\t\t\t\t<\/div>\n\t\t\t\t\t<\/div>\n\t\t\t\t<\/div>\n\t\t<div class=\"elementor-element elementor-element-f84ac38 e-flex e-con-boxed e-con e-parent\" data-id=\"f84ac38\" data-element_type=\"container\">\n\t\t\t\t\t<div class=\"e-con-inner\">\n\t\t\t\t<div class=\"elementor-element elementor-element-838dd41 elementor-invisible elementor-widget elementor-widget-image\" data-id=\"838dd41\" data-element_type=\"widget\" data-settings=\"{&quot;_animation&quot;:&quot;fadeInUp&quot;}\" data-widget_type=\"image.default\">\n\t\t\t\t<div class=\"elementor-widget-container\">\n\t\t\t\t\t\t\t\t\t\t\t\t\t\t\t<img fetchpriority=\"high\" decoding=\"async\" width=\"1170\" height=\"600\" src=\"https:\/\/www.residence-giovanello-porto-pollo.com\/wp-content\/uploads\/2025\/01\/bg-2.jpg\" class=\"attachment-full size-full wp-image-231\" alt=\"\" srcset=\"https:\/\/www.residence-giovanello-porto-pollo.com\/wp-content\/uploads\/2025\/01\/bg-2.jpg 1170w, https:\/\/www.residence-giovanello-porto-pollo.com\/wp-content\/uploads\/2025\/01\/bg-2-300x154.jpg 300w, https:\/\/www.residence-giovanello-porto-pollo.com\/wp-content\/uploads\/2025\/01\/bg-2-1024x525.jpg 1024w, https:\/\/www.residence-giovanello-porto-pollo.com\/wp-content\/uploads\/2025\/01\/bg-2-768x394.jpg 768w\" sizes=\"(max-width: 1170px) 100vw, 1170px\" \/>\t\t\t\t\t\t\t\t\t\t\t\t\t\t\t<\/div>\n\t\t\t\t<\/div>\n\t\t\t\t<div class=\"elementor-element elementor-element-5b2ecb0 elementor-widget elementor-widget-heading\" data-id=\"5b2ecb0\" data-element_type=\"widget\" data-widget_type=\"heading.default\">\n\t\t\t\t<div class=\"elementor-widget-container\">\n\t\t\t\t\t<h4 class=\"elementor-heading-title elementor-size-default\">DISCOVER THE MICRO-REGION AROUND OUR RESIDENCE<\/h4>\t\t\t\t<\/div>\n\t\t\t\t<\/div>\n\t\t\t\t<div class=\"elementor-element elementor-element-87bcddd elementor-widget elementor-widget-heading\" data-id=\"87bcddd\" data-element_type=\"widget\" data-widget_type=\"heading.default\">\n\t\t\t\t<div class=\"elementor-widget-container\">\n\t\t\t\t\t<h2 class=\"elementor-heading-title elementor-size-default\">Sartenais-Valinco: Between sea, nature and heritage<\/h2>\t\t\t\t<\/div>\n\t\t\t\t<\/div>\n\t\t\t\t<div class=\"elementor-element elementor-element-21050fb elementor-widget elementor-widget-text-editor\" data-id=\"21050fb\" data-element_type=\"widget\" data-widget_type=\"text-editor.default\">\n\t\t\t\t<div class=\"elementor-widget-container\">\n\t\t\t\t\t\t\t\t\t<p>The Sartenais-Valinco, the jewel in the crown of Southern Corsica, is a land of breathtaking scenery, idyllic beaches, picturesque villages and a rich cultural heritage. Propriano, at the heart of this micro-region, is the ideal base from which to explore its natural and historical wonders. Whether you're looking for relaxation, adventure or discovery, the Sartenais-Valinco region has something for everyone.<\/p>\t\t\t\t\t\t\t\t<\/div>\n\t\t\t\t<\/div>\n\t\t\t\t<div class=\"elementor-element elementor-element-f5ea035 elementor-widget elementor-widget-heading\" data-id=\"f5ea035\" data-element_type=\"widget\" data-widget_type=\"heading.default\">\n\t\t\t\t<div class=\"elementor-widget-container\">\n\t\t\t\t\t<h2 class=\"elementor-heading-title elementor-size-default\">An exceptional natural setting<\/h2>\t\t\t\t<\/div>\n\t\t\t\t<\/div>\n\t\t\t\t<div class=\"elementor-element elementor-element-76965fe elementor-widget elementor-widget-text-editor\" data-id=\"76965fe\" data-element_type=\"widget\" data-widget_type=\"text-editor.default\">\n\t\t\t\t<div class=\"elementor-widget-container\">\n\t\t\t\t\t\t\t\t\t<p>The Sartenais-Valinco region offers a diversity of landscapes that is sure to amaze you. Between the sea and the mountains, the region abounds in heavenly beaches, such as Campomoro, Porto Pollo and Cupabia, perfect for relaxing or practising water sports. In terms of nature, you can go hiking through the Corsican maquis, explore the coastal paths or venture into the hinterland to admire the unspoilt peaks and valleys.<\/p>\t\t\t\t\t\t\t\t<\/div>\n\t\t\t\t<\/div>\n\t\t\t\t\t<\/div>\n\t\t\t\t<\/div>\n\t\t<div class=\"elementor-element elementor-element-1877e63 e-flex e-con-boxed e-con e-parent\" data-id=\"1877e63\" data-element_type=\"container\">\n\t\t\t\t\t<div class=\"e-con-inner\">\n\t\t\t\t<div class=\"elementor-element elementor-element-e87cf6f elementor-widget elementor-widget-image\" data-id=\"e87cf6f\" data-element_type=\"widget\" data-widget_type=\"image.default\">\n\t\t\t\t<div class=\"elementor-widget-container\">\n\t\t\t\t\t\t\t\t\t\t\t\t\t\t\t<img decoding=\"async\" width=\"570\" height=\"380\" src=\"https:\/\/www.residence-giovanello-porto-pollo.com\/wp-content\/uploads\/2025\/01\/bg-4.jpg\" class=\"attachment-large size-large wp-image-233\" alt=\"\" srcset=\"https:\/\/www.residence-giovanello-porto-pollo.com\/wp-content\/uploads\/2025\/01\/bg-4.jpg 570w, https:\/\/www.residence-giovanello-porto-pollo.com\/wp-content\/uploads\/2025\/01\/bg-4-300x200.jpg 300w\" sizes=\"(max-width: 570px) 100vw, 570px\" \/>\t\t\t\t\t\t\t\t\t\t\t\t\t\t\t<\/div>\n\t\t\t\t<\/div>\n\t\t\t\t<div class=\"elementor-element elementor-element-5e61432 elementor-widget elementor-widget-image\" data-id=\"5e61432\" data-element_type=\"widget\" data-widget_type=\"image.default\">\n\t\t\t\t<div class=\"elementor-widget-container\">\n\t\t\t\t\t\t\t\t\t\t\t\t\t\t\t<img decoding=\"async\" width=\"570\" height=\"380\" src=\"https:\/\/www.residence-giovanello-porto-pollo.com\/wp-content\/uploads\/2025\/01\/bg.jpg\" class=\"attachment-large size-large wp-image-234\" alt=\"\" srcset=\"https:\/\/www.residence-giovanello-porto-pollo.com\/wp-content\/uploads\/2025\/01\/bg.jpg 570w, https:\/\/www.residence-giovanello-porto-pollo.com\/wp-content\/uploads\/2025\/01\/bg-300x200.jpg 300w\" sizes=\"(max-width: 570px) 100vw, 570px\" \/>\t\t\t\t\t\t\t\t\t\t\t\t\t\t\t<\/div>\n\t\t\t\t<\/div>\n\t\t\t\t\t<\/div>\n\t\t\t\t<\/div>\n\t\t<div class=\"elementor-element elementor-element-f538a6b e-flex e-con-boxed e-con e-parent\" data-id=\"f538a6b\" data-element_type=\"container\">\n\t\t\t\t\t<div class=\"e-con-inner\">\n\t\t\t\t<div class=\"elementor-element elementor-element-8423823 elementor-widget elementor-widget-heading\" data-id=\"8423823\" data-element_type=\"widget\" data-widget_type=\"heading.default\">\n\t\t\t\t<div class=\"elementor-widget-container\">\n\t\t\t\t\t<h2 class=\"elementor-heading-title elementor-size-default\">Must-do activities in Propriano and the surrounding area<\/h2>\t\t\t\t<\/div>\n\t\t\t\t<\/div>\n\t\t\t\t<div class=\"elementor-element elementor-element-7ad7ce9 elementor-widget elementor-widget-text-editor\" data-id=\"7ad7ce9\" data-element_type=\"widget\" data-widget_type=\"text-editor.default\">\n\t\t\t\t<div class=\"elementor-widget-container\">\n\t\t\t\t\t\t\t\t\t<p><strong>Nautical activities<\/strong><\/p>\n<p>The Valinco coastline is a real playground for water sports enthusiasts. Take advantage of the Campomoro water sports centre for scuba diving, paddle boarding, kayaking and boat hire. Explore the rich and colourful seabed or sail along the coast to discover wild coves accessible only by sea.<\/p>\n<p><strong>Walks and hikes<\/strong><\/p>\n<p>The trails of the Sartenais-Valinco region offer breathtaking panoramas. The must-do hike to the Genoese Tower at Campomoro combines history with spectacular scenery. For the more adventurous, explore the surrounding mountains, with trails winding through the maquis and offering breathtaking views of the Gulf of Valinco.<\/p>\n<p><strong>Discovering our historical heritage<\/strong><\/p>\n<p>The region is also rich in history. Sart\u00e8ne, often described as \"the most Corsican of Corsican towns\", reveals its cobbled streets, granite houses and authentic atmosphere. Don't miss a visit to the Mus\u00e9e D\u00e9partemental de Pr\u00e9histoire et d'Arch\u00e9ologie de Sart\u00e8ne, which traces the fascinating history of the region, or the famous megalithic alignments at Filitosa, a unique archaeological site in Europe.<\/p>\n<p><strong>Relaxation and well-being<\/strong><\/p>\n<p>For those looking to recharge their batteries, the thermal waters of Baracci, just a few minutes from Propriano, are the ideal place to relax. Take advantage of the hot baths in the heart of nature or treat yourself to a treatment in one of the spas in the area.<\/p>\t\t\t\t\t\t\t\t<\/div>\n\t\t\t\t<\/div>\n\t\t\t\t\t<\/div>\n\t\t\t\t<\/div>\n\t\t<div class=\"elementor-element elementor-element-c837fda e-flex e-con-boxed e-con e-parent\" data-id=\"c837fda\" data-element_type=\"container\">\n\t\t\t\t\t<div class=\"e-con-inner\">\n\t\t\t\t<div class=\"elementor-element elementor-element-ce9376b elementor-widget elementor-widget-image\" data-id=\"ce9376b\" data-element_type=\"widget\" data-widget_type=\"image.default\">\n\t\t\t\t<div class=\"elementor-widget-container\">\n\t\t\t\t\t\t\t\t\t\t\t\t\t\t\t<img decoding=\"async\" width=\"570\" height=\"380\" src=\"https:\/\/www.residence-giovanello-porto-pollo.com\/wp-content\/uploads\/2025\/01\/bg-4.jpg\" class=\"attachment-large size-large wp-image-233\" alt=\"\" srcset=\"https:\/\/www.residence-giovanello-porto-pollo.com\/wp-content\/uploads\/2025\/01\/bg-4.jpg 570w, https:\/\/www.residence-giovanello-porto-pollo.com\/wp-content\/uploads\/2025\/01\/bg-4-300x200.jpg 300w\" sizes=\"(max-width: 570px) 100vw, 570px\" \/>\t\t\t\t\t\t\t\t\t\t\t\t\t\t\t<\/div>\n\t\t\t\t<\/div>\n\t\t\t\t<div class=\"elementor-element elementor-element-6815e8d elementor-widget elementor-widget-image\" data-id=\"6815e8d\" data-element_type=\"widget\" data-widget_type=\"image.default\">\n\t\t\t\t<div class=\"elementor-widget-container\">\n\t\t\t\t\t\t\t\t\t\t\t\t\t\t\t<img loading=\"lazy\" decoding=\"async\" width=\"570\" height=\"380\" src=\"https:\/\/www.residence-giovanello-porto-pollo.com\/wp-content\/uploads\/2025\/01\/bg-3.jpg\" class=\"attachment-large size-large wp-image-229\" alt=\"\" srcset=\"https:\/\/www.residence-giovanello-porto-pollo.com\/wp-content\/uploads\/2025\/01\/bg-3.jpg 570w, https:\/\/www.residence-giovanello-porto-pollo.com\/wp-content\/uploads\/2025\/01\/bg-3-300x200.jpg 300w\" sizes=\"(max-width: 570px) 100vw, 570px\" \/>\t\t\t\t\t\t\t\t\t\t\t\t\t\t\t<\/div>\n\t\t\t\t<\/div>\n\t\t\t\t\t<\/div>\n\t\t\t\t<\/div>\n\t\t<div class=\"elementor-element elementor-element-90b5134 e-flex e-con-boxed e-con e-parent\" data-id=\"90b5134\" data-element_type=\"container\">\n\t\t\t\t\t<div class=\"e-con-inner\">\n\t\t\t\t<div class=\"elementor-element elementor-element-301fc8e elementor-widget elementor-widget-image\" data-id=\"301fc8e\" data-element_type=\"widget\" data-widget_type=\"image.default\">\n\t\t\t\t<div class=\"elementor-widget-container\">\n\t\t\t\t\t\t\t\t\t\t\t\t\t\t\t<img loading=\"lazy\" decoding=\"async\" width=\"494\" height=\"380\" src=\"https:\/\/www.residence-giovanello-porto-pollo.com\/wp-content\/uploads\/2025\/01\/bg-5.jpg\" class=\"attachment-large size-large wp-image-235\" alt=\"\" srcset=\"https:\/\/www.residence-giovanello-porto-pollo.com\/wp-content\/uploads\/2025\/01\/bg-5.jpg 494w, https:\/\/www.residence-giovanello-porto-pollo.com\/wp-content\/uploads\/2025\/01\/bg-5-300x231.jpg 300w\" sizes=\"(max-width: 494px) 100vw, 494px\" \/>\t\t\t\t\t\t\t\t\t\t\t\t\t\t\t<\/div>\n\t\t\t\t<\/div>\n\t\t<div class=\"elementor-element elementor-element-9d7212f e-con-full e-flex e-con e-child\" data-id=\"9d7212f\" data-element_type=\"container\">\n\t\t\t\t<div class=\"elementor-element elementor-element-769d00f elementor-widget elementor-widget-heading\" data-id=\"769d00f\" data-element_type=\"widget\" data-widget_type=\"heading.default\">\n\t\t\t\t<div class=\"elementor-widget-container\">\n\t\t\t\t\t<h2 class=\"elementor-heading-title elementor-size-default\">Tasty local cuisine<\/h2>\t\t\t\t<\/div>\n\t\t\t\t<\/div>\n\t\t\t\t<div class=\"elementor-element elementor-element-38fea5a elementor-widget elementor-widget-text-editor\" data-id=\"38fea5a\" data-element_type=\"widget\" data-widget_type=\"text-editor.default\">\n\t\t\t\t<div class=\"elementor-widget-container\">\n\t\t\t\t\t\t\t\t\t<p>The Sartenais-Valinco region will also delight your taste buds. Sample local products such as Corsican charcuterie, ewe's milk cheeses, honey and the famous tiger calf, a local speciality. Restaurants on the seafront or in the surrounding villages offer an authentic culinary experience, with dishes made from fresh, local produce.<\/p>\t\t\t\t\t\t\t\t<\/div>\n\t\t\t\t<\/div>\n\t\t\t\t<\/div>\n\t\t\t\t\t<\/div>\n\t\t\t\t<\/div>\n\t\t<div class=\"elementor-element elementor-element-a8b76c1 e-flex e-con-boxed e-con e-parent\" data-id=\"a8b76c1\" data-element_type=\"container\">\n\t\t\t\t\t<div class=\"e-con-inner\">\n\t\t\t\t<div class=\"elementor-element elementor-element-144f0b3 elementor-widget elementor-widget-heading\" data-id=\"144f0b3\" data-element_type=\"widget\" data-widget_type=\"heading.default\">\n\t\t\t\t<div class=\"elementor-widget-container\">\n\t\t\t\t\t<h2 class=\"elementor-heading-title elementor-size-default\">Tasty local cuisine<\/h2>\t\t\t\t<\/div>\n\t\t\t\t<\/div>\n\t\t\t\t\t<\/div>\n\t\t\t\t<\/div>\n\t\t<div class=\"elementor-element elementor-element-b76c470 e-flex e-con-boxed e-con e-parent\" data-id=\"b76c470\" data-element_type=\"container\">\n\t\t\t\t\t<div class=\"e-con-inner\">\n\t\t\t\t<div class=\"elementor-element elementor-element-89102bc elementor-widget elementor-widget-text-editor\" data-id=\"89102bc\" data-element_type=\"widget\" data-widget_type=\"text-editor.default\">\n\t\t\t\t<div class=\"elementor-widget-container\">\n\t\t\t\t\t\t\t\t\t<p>The Sartenais-Valinco region will also delight your taste buds. Sample local products such as Corsican charcuterie, ewe's milk cheeses, honey and the famous tiger calf, a local speciality. Restaurants on the seafront or in the surrounding villages offer an authentic culinary experience, with dishes made from fresh, local produce.<\/p>\t\t\t\t\t\t\t\t<\/div>\n\t\t\t\t<\/div>\n\t\t\t\t<div class=\"elementor-element elementor-element-b7367b7 elementor-widget elementor-widget-image\" data-id=\"b7367b7\" data-element_type=\"widget\" data-widget_type=\"image.default\">\n\t\t\t\t<div class=\"elementor-widget-container\">\n\t\t\t\t\t\t\t\t\t\t\t\t\t\t\t<img loading=\"lazy\" decoding=\"async\" width=\"800\" height=\"410\" src=\"https:\/\/www.residence-giovanello-porto-pollo.com\/wp-content\/uploads\/2025\/01\/bg-6-1024x525.jpg\" class=\"attachment-large size-large wp-image-230\" alt=\"\" srcset=\"https:\/\/www.residence-giovanello-porto-pollo.com\/wp-content\/uploads\/2025\/01\/bg-6-1024x525.jpg 1024w, https:\/\/www.residence-giovanello-porto-pollo.com\/wp-content\/uploads\/2025\/01\/bg-6-300x154.jpg 300w, https:\/\/www.residence-giovanello-porto-pollo.com\/wp-content\/uploads\/2025\/01\/bg-6-768x394.jpg 768w, https:\/\/www.residence-giovanello-porto-pollo.com\/wp-content\/uploads\/2025\/01\/bg-6.jpg 1170w\" sizes=\"(max-width: 800px) 100vw, 800px\" \/>\t\t\t\t\t\t\t\t\t\t\t\t\t\t\t<\/div>\n\t\t\t\t<\/div>\n\t\t\t\t\t<\/div>\n\t\t\t\t<\/div>\n\t\t\t\t<\/div>","protected":false},"excerpt":{"rendered":"<p>DISCOVER THE MICRO-REGION AROUND OUR RESIDENCE Sartenais-Valinco: Between sea, nature and heritage The Sartenais-Valinco, the jewel in the crown of southern Corsica, is a land of breathtaking landscapes, idyllic beaches, picturesque villages and a rich cultural heritage. Propriano, at the heart of this micro-region, is the starting point for [...]<\/p>","protected":false},"author":1,"featured_media":0,"parent":0,"menu_order":0,"comment_status":"closed","ping_status":"closed","template":"","meta":{"_acf_changed":false,"footnotes":""},"class_list":["post-27","page","type-page","status-publish","hentry"],"acf":[],"yoast_head":"<!-- This site is optimized with the Yoast SEO plugin v24.2 - https:\/\/yoast.com\/wordpress\/plugins\/seo\/ -->\n<title>Sartenais-Valinco : une r\u00e9gion de r\u00eave au c\u0153ur de la Corse du Sud - R\u00e9sidence Giovanello<\/title>\n<meta name=\"robots\" content=\"index, follow, max-snippet:-1, max-image-preview:large, max-video-preview:-1\" \/>\n<link rel=\"canonical\" href=\"https:\/\/www.residence-giovanello-porto-pollo.com\/en\/situation\/\" \/>\n<meta property=\"og:locale\" content=\"en_GB\" \/>\n<meta property=\"og:type\" content=\"article\" \/>\n<meta property=\"og:title\" content=\"Sartenais-Valinco : une r\u00e9gion de r\u00eave au c\u0153ur de la Corse du Sud - R\u00e9sidence Giovanello\" \/>\n<meta property=\"og:description\" content=\"D\u00c9COUVREZ LA MICRO-R\u00c9GION AUTOUR DE NOTRE R\u00c9SIDENCE Sartenais-Valinco : Entre mer, nature et patrimoine Le Sartenais-Valinco, v\u00e9ritable joyau de la Corse du Sud, est une terre o\u00f9 se m\u00ealent paysages \u00e0 couper le souffle, plages idylliques, villages pittoresques et un riche patrimoine culturel. Propriano, situ\u00e9 au c\u0153ur de cette micro-r\u00e9gion, est le point de d\u00e9part [&hellip;]\" \/>\n<meta property=\"og:url\" content=\"https:\/\/www.residence-giovanello-porto-pollo.com\/en\/situation\/\" \/>\n<meta property=\"og:site_name\" content=\"R\u00e9sidence Giovanello\" \/>\n<meta property=\"article:modified_time\" content=\"2025-01-29T03:53:21+00:00\" \/>\n<meta property=\"og:image\" content=\"https:\/\/www.casa-mare-e-vista-propriano.com\/wp-content\/uploads\/2025\/01\/bg-2.jpg\" \/>\n<meta name=\"twitter:card\" content=\"summary_large_image\" \/>\n<meta name=\"twitter:label1\" content=\"Estimated reading time\" \/>\n\t<meta name=\"twitter:data1\" content=\"5 minutes\" \/>\n<script type=\"application\/ld+json\" class=\"yoast-schema-graph\">{\"@context\":\"https:\/\/schema.org\",\"@graph\":[{\"@type\":\"WebPage\",\"@id\":\"https:\/\/www.residence-giovanello-porto-pollo.com\/situation\/\",\"url\":\"https:\/\/www.residence-giovanello-porto-pollo.com\/situation\/\",\"name\":\"Sartenais-Valinco : une r\u00e9gion de r\u00eave au c\u0153ur de la Corse du Sud - R\u00e9sidence Giovanello\",\"isPartOf\":{\"@id\":\"https:\/\/www.residence-giovanello-porto-pollo.com\/#website\"},\"primaryImageOfPage\":{\"@id\":\"https:\/\/www.residence-giovanello-porto-pollo.com\/situation\/#primaryimage\"},\"image\":{\"@id\":\"https:\/\/www.residence-giovanello-porto-pollo.com\/situation\/#primaryimage\"},\"thumbnailUrl\":\"https:\/\/www.casa-mare-e-vista-propriano.com\/wp-content\/uploads\/2025\/01\/bg-2.jpg\",\"datePublished\":\"2025-01-09T04:50:19+00:00\",\"dateModified\":\"2025-01-29T03:53:21+00:00\",\"breadcrumb\":{\"@id\":\"https:\/\/www.residence-giovanello-porto-pollo.com\/situation\/#breadcrumb\"},\"inLanguage\":\"en-GB\",\"potentialAction\":[{\"@type\":\"ReadAction\",\"target\":[\"https:\/\/www.residence-giovanello-porto-pollo.com\/situation\/\"]}]},{\"@type\":\"ImageObject\",\"inLanguage\":\"en-GB\",\"@id\":\"https:\/\/www.residence-giovanello-porto-pollo.com\/situation\/#primaryimage\",\"url\":\"https:\/\/www.casa-mare-e-vista-propriano.com\/wp-content\/uploads\/2025\/01\/bg-2.jpg\",\"contentUrl\":\"https:\/\/www.casa-mare-e-vista-propriano.com\/wp-content\/uploads\/2025\/01\/bg-2.jpg\"},{\"@type\":\"BreadcrumbList\",\"@id\":\"https:\/\/www.residence-giovanello-porto-pollo.com\/situation\/#breadcrumb\",\"itemListElement\":[{\"@type\":\"ListItem\",\"position\":1,\"name\":\"Accueil\",\"item\":\"https:\/\/www.residence-giovanello-porto-pollo.com\/\"},{\"@type\":\"ListItem\",\"position\":2,\"name\":\"Sartenais-Valinco : une r\u00e9gion de r\u00eave au c\u0153ur de la Corse du Sud\"}]},{\"@type\":\"WebSite\",\"@id\":\"https:\/\/www.residence-giovanello-porto-pollo.com\/#website\",\"url\":\"https:\/\/www.residence-giovanello-porto-pollo.com\/\",\"name\":\"R\u00e9sidence Giovanello\",\"description\":\"R\u00e9sidence h\u00f4teli\u00e8re \u00e0 Porto-Pollo\",\"publisher\":{\"@id\":\"https:\/\/www.residence-giovanello-porto-pollo.com\/#organization\"},\"potentialAction\":[{\"@type\":\"SearchAction\",\"target\":{\"@type\":\"EntryPoint\",\"urlTemplate\":\"https:\/\/www.residence-giovanello-porto-pollo.com\/?s={search_term_string}\"},\"query-input\":{\"@type\":\"PropertyValueSpecification\",\"valueRequired\":true,\"valueName\":\"search_term_string\"}}],\"inLanguage\":\"en-GB\"},{\"@type\":\"Organization\",\"@id\":\"https:\/\/www.residence-giovanello-porto-pollo.com\/#organization\",\"name\":\"R\u00e9sidence Giovanello\",\"url\":\"https:\/\/www.residence-giovanello-porto-pollo.com\/\",\"logo\":{\"@type\":\"ImageObject\",\"inLanguage\":\"en-GB\",\"@id\":\"https:\/\/www.residence-giovanello-porto-pollo.com\/#\/schema\/logo\/image\/\",\"url\":\"https:\/\/www.residence-giovanello-porto-pollo.com\/wp-content\/uploads\/2025\/01\/giovanello_logotype1.png\",\"contentUrl\":\"https:\/\/www.residence-giovanello-porto-pollo.com\/wp-content\/uploads\/2025\/01\/giovanello_logotype1.png\",\"width\":683,\"height\":179,\"caption\":\"R\u00e9sidence Giovanello\"},\"image\":{\"@id\":\"https:\/\/www.residence-giovanello-porto-pollo.com\/#\/schema\/logo\/image\/\"}}]}<\/script>\n<!-- \/ Yoast SEO plugin. -->","yoast_head_json":{"title":"Sartenais-Valinco : une r\u00e9gion de r\u00eave au c\u0153ur de la Corse du Sud - R\u00e9sidence Giovanello","robots":{"index":"index","follow":"follow","max-snippet":"max-snippet:-1","max-image-preview":"max-image-preview:large","max-video-preview":"max-video-preview:-1"},"canonical":"https:\/\/www.residence-giovanello-porto-pollo.com\/en\/situation\/","og_locale":"en_GB","og_type":"article","og_title":"Sartenais-Valinco : une r\u00e9gion de r\u00eave au c\u0153ur de la Corse du Sud - R\u00e9sidence Giovanello","og_description":"D\u00c9COUVREZ LA MICRO-R\u00c9GION AUTOUR DE NOTRE R\u00c9SIDENCE Sartenais-Valinco : Entre mer, nature et patrimoine Le Sartenais-Valinco, v\u00e9ritable joyau de la Corse du Sud, est une terre o\u00f9 se m\u00ealent paysages \u00e0 couper le souffle, plages idylliques, villages pittoresques et un riche patrimoine culturel. Propriano, situ\u00e9 au c\u0153ur de cette micro-r\u00e9gion, est le point de d\u00e9part [&hellip;]","og_url":"https:\/\/www.residence-giovanello-porto-pollo.com\/en\/situation\/","og_site_name":"R\u00e9sidence Giovanello","article_modified_time":"2025-01-29T03:53:21+00:00","og_image":[{"url":"https:\/\/www.casa-mare-e-vista-propriano.com\/wp-content\/uploads\/2025\/01\/bg-2.jpg","type":"","width":"","height":""}],"twitter_card":"summary_large_image","twitter_misc":{"Estimated reading time":"5 minutes"},"schema":{"@context":"https:\/\/schema.org","@graph":[{"@type":"WebPage","@id":"https:\/\/www.residence-giovanello-porto-pollo.com\/situation\/","url":"https:\/\/www.residence-giovanello-porto-pollo.com\/situation\/","name":"Sartenais-Valinco : une r\u00e9gion de r\u00eave au c\u0153ur de la Corse du Sud - R\u00e9sidence Giovanello","isPartOf":{"@id":"https:\/\/www.residence-giovanello-porto-pollo.com\/#website"},"primaryImageOfPage":{"@id":"https:\/\/www.residence-giovanello-porto-pollo.com\/situation\/#primaryimage"},"image":{"@id":"https:\/\/www.residence-giovanello-porto-pollo.com\/situation\/#primaryimage"},"thumbnailUrl":"https:\/\/www.casa-mare-e-vista-propriano.com\/wp-content\/uploads\/2025\/01\/bg-2.jpg","datePublished":"2025-01-09T04:50:19+00:00","dateModified":"2025-01-29T03:53:21+00:00","breadcrumb":{"@id":"https:\/\/www.residence-giovanello-porto-pollo.com\/situation\/#breadcrumb"},"inLanguage":"en-GB","potentialAction":[{"@type":"ReadAction","target":["https:\/\/www.residence-giovanello-porto-pollo.com\/situation\/"]}]},{"@type":"ImageObject","inLanguage":"en-GB","@id":"https:\/\/www.residence-giovanello-porto-pollo.com\/situation\/#primaryimage","url":"https:\/\/www.casa-mare-e-vista-propriano.com\/wp-content\/uploads\/2025\/01\/bg-2.jpg","contentUrl":"https:\/\/www.casa-mare-e-vista-propriano.com\/wp-content\/uploads\/2025\/01\/bg-2.jpg"},{"@type":"BreadcrumbList","@id":"https:\/\/www.residence-giovanello-porto-pollo.com\/situation\/#breadcrumb","itemListElement":[{"@type":"ListItem","position":1,"name":"Accueil","item":"https:\/\/www.residence-giovanello-porto-pollo.com\/"},{"@type":"ListItem","position":2,"name":"Sartenais-Valinco : une r\u00e9gion de r\u00eave au c\u0153ur de la Corse du Sud"}]},{"@type":"WebSite","@id":"https:\/\/www.residence-giovanello-porto-pollo.com\/#website","url":"https:\/\/www.residence-giovanello-porto-pollo.com\/","name":"R\u00e9sidence Giovanello","description":"R\u00e9sidence h\u00f4teli\u00e8re \u00e0 Porto-Pollo","publisher":{"@id":"https:\/\/www.residence-giovanello-porto-pollo.com\/#organization"},"potentialAction":[{"@type":"SearchAction","target":{"@type":"EntryPoint","urlTemplate":"https:\/\/www.residence-giovanello-porto-pollo.com\/?s={search_term_string}"},"query-input":{"@type":"PropertyValueSpecification","valueRequired":true,"valueName":"search_term_string"}}],"inLanguage":"en-GB"},{"@type":"Organization","@id":"https:\/\/www.residence-giovanello-porto-pollo.com\/#organization","name":"R\u00e9sidence Giovanello","url":"https:\/\/www.residence-giovanello-porto-pollo.com\/","logo":{"@type":"ImageObject","inLanguage":"en-GB","@id":"https:\/\/www.residence-giovanello-porto-pollo.com\/#\/schema\/logo\/image\/","url":"https:\/\/www.residence-giovanello-porto-pollo.com\/wp-content\/uploads\/2025\/01\/giovanello_logotype1.png","contentUrl":"https:\/\/www.residence-giovanello-porto-pollo.com\/wp-content\/uploads\/2025\/01\/giovanello_logotype1.png","width":683,"height":179,"caption":"R\u00e9sidence Giovanello"},"image":{"@id":"https:\/\/www.residence-giovanello-porto-pollo.com\/#\/schema\/logo\/image\/"}}]}},"_links":{"self":[{"href":"https:\/\/www.residence-giovanello-porto-pollo.com\/en\/wp-json\/wp\/v2\/pages\/27","targetHints":{"allow":["GET"]}}],"collection":[{"href":"https:\/\/www.residence-giovanello-porto-pollo.com\/en\/wp-json\/wp\/v2\/pages"}],"about":[{"href":"https:\/\/www.residence-giovanello-porto-pollo.com\/en\/wp-json\/wp\/v2\/types\/page"}],"author":[{"embeddable":true,"href":"https:\/\/www.residence-giovanello-porto-pollo.com\/en\/wp-json\/wp\/v2\/users\/1"}],"replies":[{"embeddable":true,"href":"https:\/\/www.residence-giovanello-porto-pollo.com\/en\/wp-json\/wp\/v2\/comments?post=27"}],"version-history":[{"count":15,"href":"https:\/\/www.residence-giovanello-porto-pollo.com\/en\/wp-json\/wp\/v2\/pages\/27\/revisions"}],"predecessor-version":[{"id":439,"href":"https:\/\/www.residence-giovanello-porto-pollo.com\/en\/wp-json\/wp\/v2\/pages\/27\/revisions\/439"}],"wp:attachment":[{"href":"https:\/\/www.residence-giovanello-porto-pollo.com\/en\/wp-json\/wp\/v2\/media?parent=27"}],"curies":[{"name":"wp","href":"https:\/\/api.w.org\/{rel}","templated":true}]}}