{"id":67,"date":"2025-01-09T06:48:52","date_gmt":"2025-01-09T05:48:52","guid":{"rendered":"https:\/\/www.casa-mare-e-vista-propriano.com\/?page_id=67"},"modified":"2025-01-10T06:25:12","modified_gmt":"2025-01-10T05:25:12","slug":"politique-de-confidentialites","status":"publish","type":"page","link":"https:\/\/www.residence-giovanello-porto-pollo.com\/de\/politique-de-confidentialites\/","title":{"rendered":"Datenschutzrichtlinie und Cookies"},"content":{"rendered":"<p><strong>Aktualisierungsdatum: 10. Januar 2025<\/strong><\/p>\n\n\n\n<p>Die SAS MAREVISTA verpflichtet sich, Ihre Privatsph\u00e4re zu sch\u00fctzen und die geltenden Gesetze, insbesondere die Allgemeine Datenschutzverordnung (DSGVO), einzuhalten. Diese Richtlinie erl\u00e4utert, wie wir Ihre personenbezogenen Daten sammeln, verwenden und sch\u00fctzen und wie wir Cookies verwenden.<\/p>\n\n\n\n<h3 class=\"wp-block-heading\">1. <strong>Erhebung und Verwendung pers\u00f6nlicher Daten<\/strong><\/h3>\n\n\n\n<p>Wir sammeln nur die Daten, die wir ben\u00f6tigen, um Ihnen unsere Dienste anzubieten und Ihre Nutzererfahrung zu verbessern. Diese Daten k\u00f6nnen Folgendes umfassen:<\/p>\n\n\n\n<ul class=\"wp-block-list\">\n<li>Kontaktdaten: Name, E-Mail, Telefon (bei einer Buchung oder Informationsanfrage).<\/li>\n\n\n\n<li>Navigationsdaten: IP-Adresse, Verhalten auf der Website.<\/li>\n<\/ul>\n\n\n\n<p>Die gesammelten Daten werden verwendet, um :<\/p>\n\n\n\n<ul class=\"wp-block-list\">\n<li>Beantworten Sie Ihre Anfragen.<\/li>\n\n\n\n<li>Unsere Dienstleistungen zu verbessern.<\/li>\n\n\n\n<li>F\u00fcr die Sicherheit des Standorts sorgen.<\/li>\n<\/ul>\n\n\n\n<h3 class=\"wp-block-heading\">2. <strong>Google ReCaptcha, Google Analytics und YouTube<\/strong><\/h3>\n\n\n\n<p>Unsere Website nutzt die folgenden Dienste:<\/p>\n\n\n\n<ul class=\"wp-block-list\">\n<li><strong>Google ReCaptcha<\/strong> : um unsere Seite vor Bots und Spam zu sch\u00fctzen.<\/li>\n\n\n\n<li><strong>Google Analytics<\/strong> : Um das Publikum der Website zu analysieren und ihre Leistung zu verbessern.<\/li>\n\n\n\n<li><strong>YouTube<\/strong> : um eingebettete Videos anzuzeigen.<\/li>\n<\/ul>\n\n\n\n<p>Diese Dienste k\u00f6nnen Daten wie Ihre IP-Adresse und Ihr Verhalten auf der Website sammeln. Diese Informationen werden anonymisiert und nur zu Analyse- oder Sicherheitszwecken verwendet.<\/p>\n\n\n\n<h3 class=\"wp-block-heading\">3. <strong>Cookies<\/strong><\/h3>\n\n\n\n<p>Ein Cookie ist eine Textdatei, die beim Besuch einer Website auf Ihrem Ger\u00e4t abgelegt wird. Sie dienen dazu, Ihre Erfahrung zu verbessern und sich Ihre Pr\u00e4ferenzen zu merken.<\/p>\n\n\n\n<p><strong>Arten von Cookies, die auf unserer Seite verwendet werden :<\/strong><\/p>\n\n\n\n<ul class=\"wp-block-list\">\n<li><strong>Notwendige Cookies<\/strong> : um das reibungslose Funktionieren der Website zu gew\u00e4hrleisten (Google ReCaptcha).<\/li>\n\n\n\n<li><strong>Leistungs-Cookies<\/strong> : Um die Nutzung der Website zu analysieren (Google Analytics).<\/li>\n\n\n\n<li><strong>Cookies zur Personalisierung<\/strong> : zum Anzeigen von Videos (YouTube).<\/li>\n<\/ul>\n\n\n\n<p><strong>Verwaltung von Cookies<\/strong><br>Bei Ihrem ersten Besuch k\u00f6nnen Sie die Verwendung bestimmter Cookies \u00fcber unser Cookie-Management-Banner akzeptieren oder ablehnen. Sie k\u00f6nnen Ihren Browser auch so einstellen, dass er Cookies jederzeit blockiert oder l\u00f6scht.<\/p>\n\n\n\n<h3 class=\"wp-block-heading\">4. <strong>Ihre Rechte<\/strong><\/h3>\n\n\n\n<p>Gem\u00e4\u00df der DSGVO haben Sie folgende Rechte:<\/p>\n\n\n\n<ul class=\"wp-block-list\">\n<li><strong>Zugang<\/strong> : wissen, welche pers\u00f6nlichen Daten wir speichern.<\/li>\n\n\n\n<li><strong>Schleifen<\/strong> : Ungenaue Daten korrigieren.<\/li>\n\n\n\n<li><strong>L\u00f6schen<\/strong> : die L\u00f6schung Ihrer Daten verlangen.<\/li>\n\n\n\n<li><strong>Opposition<\/strong> : die Verarbeitung Ihrer Daten aus legitimen Gr\u00fcnden ablehnen.<\/li>\n\n\n\n<li><strong>\u00dcbertragbarkeit<\/strong> : Ihre Daten in einem strukturierten Format erhalten.<\/li>\n<\/ul>\n\n\n\n<p>Um Ihre Rechte auszu\u00fcben, wenden Sie sich bitte an :<br><strong>E-Mail<\/strong> : <a>marevista1@orange.fr<\/a><br><strong>Adresse<\/strong> : 4 A Funtana d'U Frusteru, 20110 Propriano<\/p>\n\n\n\n<h3 class=\"wp-block-heading\">5. <strong>Sicherheit der Daten<\/strong><\/h3>\n\n\n\n<p>Wir setzen technische und organisatorische Ma\u00dfnahmen ein, um Ihre Daten vor unbefugtem Zugriff, Verlust oder \u00c4nderung zu sch\u00fctzen.<\/p>\n\n\n\n<h3 class=\"wp-block-heading\">6. <strong>\u00c4nderungen an dieser Richtlinie<\/strong><\/h3>\n\n\n\n<p>Diese Richtlinie kann aktualisiert werden, um gesetzlichen oder technischen \u00c4nderungen Rechnung zu tragen. Wir empfehlen Ihnen, sie regelm\u00e4\u00dfig zu \u00fcberpr\u00fcfen.<\/p>\n\n\n\n<h3 class=\"wp-block-heading\">Kontakt<\/h3>\n\n\n\n<p>Bei Fragen zu dieser Richtlinie k\u00f6nnen Sie sich an uns wenden:<br><strong>SAS MAREVISTA<\/strong><br><strong>E-Mail<\/strong> : <a>marevista1@orange.fr<\/a><br><strong>Telefon<\/strong> : +33 (0)6 19 99 41 48<br><strong>Adresse<\/strong> : 4 A Funtana d'U Frusteru, 20110 Propriano<\/p>","protected":false},"excerpt":{"rendered":"<p>Aktualisierungsdatum: 10. Januar 2025 Die SAS MAREVISTA verpflichtet sich, Ihre Privatsph\u00e4re zu sch\u00fctzen und die geltenden Gesetze, insbesondere die Allgemeine Datenschutzverordnung (DSGVO), einzuhalten. Diese Richtlinie erl\u00e4utert, wie wir Ihre personenbezogenen Daten sammeln, verwenden und sch\u00fctzen und wie wir Cookies verwenden. 1 Erfassung [...].<\/p>","protected":false},"author":1,"featured_media":0,"parent":0,"menu_order":0,"comment_status":"closed","ping_status":"closed","template":"","meta":{"_acf_changed":false,"footnotes":""},"class_list":["post-67","page","type-page","status-publish","hentry"],"acf":[],"yoast_head":"<!-- This site is optimized with the Yoast SEO plugin v24.2 - https:\/\/yoast.com\/wordpress\/plugins\/seo\/ -->\n<title>Politique de confidentialit\u00e9 et cookies - R\u00e9sidence Giovanello<\/title>\n<meta name=\"robots\" content=\"index, follow, max-snippet:-1, max-image-preview:large, max-video-preview:-1\" \/>\n<link rel=\"canonical\" href=\"https:\/\/www.residence-giovanello-porto-pollo.com\/de\/politique-de-confidentialites\/\" \/>\n<meta property=\"og:locale\" content=\"de_DE\" \/>\n<meta property=\"og:type\" content=\"article\" \/>\n<meta property=\"og:title\" content=\"Politique de confidentialit\u00e9 et cookies - R\u00e9sidence Giovanello\" \/>\n<meta property=\"og:description\" content=\"Date de mise \u00e0 jour : 10 janvier 2025 La SAS MAREVISTA s&rsquo;engage \u00e0 prot\u00e9ger votre vie priv\u00e9e et \u00e0 respecter la l\u00e9gislation en vigueur, notamment le R\u00e8glement G\u00e9n\u00e9ral sur la Protection des Donn\u00e9es (RGPD). Cette politique explique comment nous collectons, utilisons et prot\u00e9geons vos donn\u00e9es personnelles, ainsi que notre utilisation des cookies. 1. Collecte [&hellip;]\" \/>\n<meta property=\"og:url\" content=\"https:\/\/www.residence-giovanello-porto-pollo.com\/de\/politique-de-confidentialites\/\" \/>\n<meta property=\"og:site_name\" content=\"R\u00e9sidence Giovanello\" \/>\n<meta property=\"article:modified_time\" content=\"2025-01-10T05:25:12+00:00\" \/>\n<meta name=\"twitter:card\" content=\"summary_large_image\" \/>\n<meta name=\"twitter:label1\" content=\"Gesch\u00e4tzte Lesezeit\" \/>\n\t<meta name=\"twitter:data1\" content=\"3\u00a0Minuten\" \/>\n<script type=\"application\/ld+json\" class=\"yoast-schema-graph\">{\"@context\":\"https:\/\/schema.org\",\"@graph\":[{\"@type\":\"WebPage\",\"@id\":\"https:\/\/www.residence-giovanello-porto-pollo.com\/politique-de-confidentialites\/\",\"url\":\"https:\/\/www.residence-giovanello-porto-pollo.com\/politique-de-confidentialites\/\",\"name\":\"Politique de confidentialit\u00e9 et cookies - R\u00e9sidence Giovanello\",\"isPartOf\":{\"@id\":\"https:\/\/www.residence-giovanello-porto-pollo.com\/#website\"},\"datePublished\":\"2025-01-09T05:48:52+00:00\",\"dateModified\":\"2025-01-10T05:25:12+00:00\",\"breadcrumb\":{\"@id\":\"https:\/\/www.residence-giovanello-porto-pollo.com\/politique-de-confidentialites\/#breadcrumb\"},\"inLanguage\":\"de\",\"potentialAction\":[{\"@type\":\"ReadAction\",\"target\":[\"https:\/\/www.residence-giovanello-porto-pollo.com\/politique-de-confidentialites\/\"]}]},{\"@type\":\"BreadcrumbList\",\"@id\":\"https:\/\/www.residence-giovanello-porto-pollo.com\/politique-de-confidentialites\/#breadcrumb\",\"itemListElement\":[{\"@type\":\"ListItem\",\"position\":1,\"name\":\"Accueil\",\"item\":\"https:\/\/www.residence-giovanello-porto-pollo.com\/\"},{\"@type\":\"ListItem\",\"position\":2,\"name\":\"Politique de confidentialit\u00e9 et cookies\"}]},{\"@type\":\"WebSite\",\"@id\":\"https:\/\/www.residence-giovanello-porto-pollo.com\/#website\",\"url\":\"https:\/\/www.residence-giovanello-porto-pollo.com\/\",\"name\":\"R\u00e9sidence Giovanello\",\"description\":\"R\u00e9sidence h\u00f4teli\u00e8re \u00e0 Porto-Pollo\",\"publisher\":{\"@id\":\"https:\/\/www.residence-giovanello-porto-pollo.com\/#organization\"},\"potentialAction\":[{\"@type\":\"SearchAction\",\"target\":{\"@type\":\"EntryPoint\",\"urlTemplate\":\"https:\/\/www.residence-giovanello-porto-pollo.com\/?s={search_term_string}\"},\"query-input\":{\"@type\":\"PropertyValueSpecification\",\"valueRequired\":true,\"valueName\":\"search_term_string\"}}],\"inLanguage\":\"de\"},{\"@type\":\"Organization\",\"@id\":\"https:\/\/www.residence-giovanello-porto-pollo.com\/#organization\",\"name\":\"R\u00e9sidence Giovanello\",\"url\":\"https:\/\/www.residence-giovanello-porto-pollo.com\/\",\"logo\":{\"@type\":\"ImageObject\",\"inLanguage\":\"de\",\"@id\":\"https:\/\/www.residence-giovanello-porto-pollo.com\/#\/schema\/logo\/image\/\",\"url\":\"https:\/\/www.residence-giovanello-porto-pollo.com\/wp-content\/uploads\/2025\/01\/giovanello_logotype1.png\",\"contentUrl\":\"https:\/\/www.residence-giovanello-porto-pollo.com\/wp-content\/uploads\/2025\/01\/giovanello_logotype1.png\",\"width\":683,\"height\":179,\"caption\":\"R\u00e9sidence Giovanello\"},\"image\":{\"@id\":\"https:\/\/www.residence-giovanello-porto-pollo.com\/#\/schema\/logo\/image\/\"}}]}<\/script>\n<!-- \/ Yoast SEO plugin. -->","yoast_head_json":{"title":"Politique de confidentialit\u00e9 et cookies - R\u00e9sidence Giovanello","robots":{"index":"index","follow":"follow","max-snippet":"max-snippet:-1","max-image-preview":"max-image-preview:large","max-video-preview":"max-video-preview:-1"},"canonical":"https:\/\/www.residence-giovanello-porto-pollo.com\/de\/politique-de-confidentialites\/","og_locale":"de_DE","og_type":"article","og_title":"Politique de confidentialit\u00e9 et cookies - R\u00e9sidence Giovanello","og_description":"Date de mise \u00e0 jour : 10 janvier 2025 La SAS MAREVISTA s&rsquo;engage \u00e0 prot\u00e9ger votre vie priv\u00e9e et \u00e0 respecter la l\u00e9gislation en vigueur, notamment le R\u00e8glement G\u00e9n\u00e9ral sur la Protection des Donn\u00e9es (RGPD). Cette politique explique comment nous collectons, utilisons et prot\u00e9geons vos donn\u00e9es personnelles, ainsi que notre utilisation des cookies. 1. Collecte [&hellip;]","og_url":"https:\/\/www.residence-giovanello-porto-pollo.com\/de\/politique-de-confidentialites\/","og_site_name":"R\u00e9sidence Giovanello","article_modified_time":"2025-01-10T05:25:12+00:00","twitter_card":"summary_large_image","twitter_misc":{"Gesch\u00e4tzte Lesezeit":"3\u00a0Minuten"},"schema":{"@context":"https:\/\/schema.org","@graph":[{"@type":"WebPage","@id":"https:\/\/www.residence-giovanello-porto-pollo.com\/politique-de-confidentialites\/","url":"https:\/\/www.residence-giovanello-porto-pollo.com\/politique-de-confidentialites\/","name":"Politique de confidentialit\u00e9 et cookies - R\u00e9sidence Giovanello","isPartOf":{"@id":"https:\/\/www.residence-giovanello-porto-pollo.com\/#website"},"datePublished":"2025-01-09T05:48:52+00:00","dateModified":"2025-01-10T05:25:12+00:00","breadcrumb":{"@id":"https:\/\/www.residence-giovanello-porto-pollo.com\/politique-de-confidentialites\/#breadcrumb"},"inLanguage":"de","potentialAction":[{"@type":"ReadAction","target":["https:\/\/www.residence-giovanello-porto-pollo.com\/politique-de-confidentialites\/"]}]},{"@type":"BreadcrumbList","@id":"https:\/\/www.residence-giovanello-porto-pollo.com\/politique-de-confidentialites\/#breadcrumb","itemListElement":[{"@type":"ListItem","position":1,"name":"Accueil","item":"https:\/\/www.residence-giovanello-porto-pollo.com\/"},{"@type":"ListItem","position":2,"name":"Politique de confidentialit\u00e9 et cookies"}]},{"@type":"WebSite","@id":"https:\/\/www.residence-giovanello-porto-pollo.com\/#website","url":"https:\/\/www.residence-giovanello-porto-pollo.com\/","name":"R\u00e9sidence Giovanello","description":"R\u00e9sidence h\u00f4teli\u00e8re \u00e0 Porto-Pollo","publisher":{"@id":"https:\/\/www.residence-giovanello-porto-pollo.com\/#organization"},"potentialAction":[{"@type":"SearchAction","target":{"@type":"EntryPoint","urlTemplate":"https:\/\/www.residence-giovanello-porto-pollo.com\/?s={search_term_string}"},"query-input":{"@type":"PropertyValueSpecification","valueRequired":true,"valueName":"search_term_string"}}],"inLanguage":"de"},{"@type":"Organization","@id":"https:\/\/www.residence-giovanello-porto-pollo.com\/#organization","name":"R\u00e9sidence Giovanello","url":"https:\/\/www.residence-giovanello-porto-pollo.com\/","logo":{"@type":"ImageObject","inLanguage":"de","@id":"https:\/\/www.residence-giovanello-porto-pollo.com\/#\/schema\/logo\/image\/","url":"https:\/\/www.residence-giovanello-porto-pollo.com\/wp-content\/uploads\/2025\/01\/giovanello_logotype1.png","contentUrl":"https:\/\/www.residence-giovanello-porto-pollo.com\/wp-content\/uploads\/2025\/01\/giovanello_logotype1.png","width":683,"height":179,"caption":"R\u00e9sidence Giovanello"},"image":{"@id":"https:\/\/www.residence-giovanello-porto-pollo.com\/#\/schema\/logo\/image\/"}}]}},"_links":{"self":[{"href":"https:\/\/www.residence-giovanello-porto-pollo.com\/de\/wp-json\/wp\/v2\/pages\/67","targetHints":{"allow":["GET"]}}],"collection":[{"href":"https:\/\/www.residence-giovanello-porto-pollo.com\/de\/wp-json\/wp\/v2\/pages"}],"about":[{"href":"https:\/\/www.residence-giovanello-porto-pollo.com\/de\/wp-json\/wp\/v2\/types\/page"}],"author":[{"embeddable":true,"href":"https:\/\/www.residence-giovanello-porto-pollo.com\/de\/wp-json\/wp\/v2\/users\/1"}],"replies":[{"embeddable":true,"href":"https:\/\/www.residence-giovanello-porto-pollo.com\/de\/wp-json\/wp\/v2\/comments?post=67"}],"version-history":[{"count":3,"href":"https:\/\/www.residence-giovanello-porto-pollo.com\/de\/wp-json\/wp\/v2\/pages\/67\/revisions"}],"predecessor-version":[{"id":313,"href":"https:\/\/www.residence-giovanello-porto-pollo.com\/de\/wp-json\/wp\/v2\/pages\/67\/revisions\/313"}],"wp:attachment":[{"href":"https:\/\/www.residence-giovanello-porto-pollo.com\/de\/wp-json\/wp\/v2\/media?parent=67"}],"curies":[{"name":"wp","href":"https:\/\/api.w.org\/{rel}","templated":true}]}}