{"id":65,"date":"2025-01-09T06:48:37","date_gmt":"2025-01-09T05:48:37","guid":{"rendered":"https:\/\/www.casa-mare-e-vista-propriano.com\/?page_id=65"},"modified":"2025-01-10T06:05:44","modified_gmt":"2025-01-10T05:05:44","slug":"mentions-legales","status":"publish","type":"page","link":"https:\/\/www.residence-giovanello-porto-pollo.com\/de\/mentions-legales\/","title":{"rendered":"Rechtliche Hinweise"},"content":{"rendered":"<p><strong>Herausgeber der Seite<\/strong><br>Die vorliegende Website wird herausgegeben von :<br><strong>SAS MAREVISTA<\/strong><br>Adresse: 4 A Funtana d'U Frusteru, 20110 Propriano<br>Stammkapital: 1.000 \u20ac<br>SIRET: 825 063 860 00019<br>Handelsregister: Ajaccio B 825 063 860<br>Umsatzsteuer-Identifikationsnummer: FR09825063860<br>Telefon: +33 (0)6 19 99 41 48<br>E-Mail: <a>marevista1@orange.fr<\/a><br>Leiter der Ver\u00f6ffentlichung: Laurent Micheletti<\/p>\n\n\n\n<p><strong>Unterkunft<\/strong><br>Die Website wird gehostet von :<br><strong>OVH SAS<\/strong><br>Adresse: 2 rue Kellermann, 59100 Roubaix, Frankreich<br>Telefon: +33 9 72 10 07<br>Website : <a href=\"https:\/\/www.ovh.com\">https:\/\/www.ovh.com<\/a><\/p>\n\n\n\n<p><strong>Konzeption und Umsetzung<\/strong><br>Die Website wurde konzipiert und gestaltet von :<br><strong>Agentur Influenci<\/strong><br>Adresse: Route de la Corniche, 20110 Propriano<br>Telefon: +33 (0)4 95 53 46 36<br>E-Mail: <a>contact@influenci.com<\/a><br>Website : <a href=\"https:\/\/www.influenci.com\">https:\/\/www.influenci.com<\/a><\/p>\n\n\n\n<p><strong>Geistiges Eigentum<\/strong><br>Alle auf dieser Website vorhandenen Inhalte (Texte, Bilder, Grafiken, Logos, Icons usw.) sind ausschlie\u00dfliches Eigentum der SAS MAREVISTA, mit Ausnahme der Marken, Logos oder Inhalte, die anderen Partnerunternehmen oder Autoren geh\u00f6ren. Jede auch nur teilweise Vervielf\u00e4ltigung, Verbreitung, \u00c4nderung, Anpassung, Weiterleitung oder Ver\u00f6ffentlichung dieser verschiedenen Elemente ist ohne die ausdr\u00fcckliche schriftliche Zustimmung von SAS MAREVISTA strengstens untersagt. Diese Darstellung oder Vervielf\u00e4ltigung, gleich durch welches Verfahren, stellt eine F\u00e4lschung dar, die durch die Artikel L.335-2 ff. des Gesetzes \u00fcber das geistige Eigentum geahndet wird. Die Nichtbeachtung dieses Verbots stellt eine F\u00e4lschung dar, f\u00fcr die der F\u00e4lscher zivil- und strafrechtlich zur Verantwortung gezogen werden kann.<\/p>\n\n\n\n<p><strong>Verantwortung<\/strong><br>SAS MAREVISTA unternimmt alle Anstrengungen, um den Nutzern zuverl\u00e4ssige und aktualisierte Informationen zu bieten. Dennoch kann es zu Fehlern oder Auslassungen kommen. Der Nutzer sollte sich daher bei SAS MAREVISTA \u00fcber die Richtigkeit der Informationen vergewissern und jede \u00c4nderung der Website melden, die er als n\u00fctzlich erachtet. SAS MAREVISTA haftet in keinem Fall f\u00fcr die Nutzung dieser Informationen oder f\u00fcr direkte oder indirekte Sch\u00e4den, die sich daraus ergeben k\u00f6nnen.<\/p>\n\n\n\n<p><strong>Pers\u00f6nliche Daten<\/strong><br>Die auf dieser Website gesammelten Informationen sind f\u00fcr die Bearbeitung Ihrer Anfragen notwendig. Sie sind ausschlie\u00dflich f\u00fcr SAS MAREVISTA bestimmt und werden unter keinen Umst\u00e4nden ohne Ihre vorherige Zustimmung an Dritte weitergegeben. Gem\u00e4\u00df dem Gesetz \"Informatique et Libert\u00e9s\" haben Sie das Recht, auf die Sie betreffenden Daten zuzugreifen, sie zu berichtigen und zu l\u00f6schen, indem Sie uns unter folgender Adresse kontaktieren: <a>marevista1@orange.fr<\/a>.<\/p>\n\n\n\n<p><strong>Cookies<\/strong><br>Die Website kann Cookies verwenden, um Ihr Surferlebnis zu verbessern. Sie k\u00f6nnen Ihren Browser so einstellen, dass er Cookies ablehnt. Einige Funktionen der Website k\u00f6nnten jedoch beeintr\u00e4chtigt werden, wenn Sie Cookies deaktivieren.<\/p>\n\n\n\n<p><strong>Streitigkeiten<\/strong><br>Die vorliegenden rechtlichen Hinweise unterliegen dem franz\u00f6sischen Recht. Alle Streitigkeiten bez\u00fcglich ihrer Auslegung oder Ausf\u00fchrung fallen in den Zust\u00e4ndigkeitsbereich der Gerichte von Ajaccio.<\/p>","protected":false},"excerpt":{"rendered":"<p>Herausgeber der WebsiteDiese Website wird herausgegeben von:SAS MAREVISTAAdresse: 4 A Funtana d'U Frusteru, 20110 ProprianoGrundkapital: 1.000 \u20acSIRET: 825 063 860 00019RCS: Ajaccio B 825 063 860Umsatzsteuer-Identifikationsnummer: FR09825063860Telefon: +33 (0)6 19 99 41 48E-mail: marevista1@orange.frDirecteur der Ver\u00f6ffentlichung: Laurent Micheletti HostingLe [...]].<\/p>","protected":false},"author":1,"featured_media":0,"parent":0,"menu_order":0,"comment_status":"closed","ping_status":"closed","template":"","meta":{"_acf_changed":false,"footnotes":""},"class_list":["post-65","page","type-page","status-publish","hentry"],"acf":[],"yoast_head":"<!-- This site is optimized with the Yoast SEO plugin v24.2 - https:\/\/yoast.com\/wordpress\/plugins\/seo\/ -->\n<title>Mentions l\u00e9gales - R\u00e9sidence Giovanello<\/title>\n<meta name=\"robots\" content=\"index, follow, max-snippet:-1, max-image-preview:large, max-video-preview:-1\" \/>\n<link rel=\"canonical\" href=\"https:\/\/www.residence-giovanello-porto-pollo.com\/de\/mentions-legales\/\" \/>\n<meta property=\"og:locale\" content=\"de_DE\" \/>\n<meta property=\"og:type\" content=\"article\" \/>\n<meta property=\"og:title\" content=\"Mentions l\u00e9gales - R\u00e9sidence Giovanello\" \/>\n<meta property=\"og:description\" content=\"\u00c9diteur du siteLe pr\u00e9sent site est \u00e9dit\u00e9 par :SAS MAREVISTAAdresse : 4 A Funtana d&rsquo;U Frusteru, 20110 ProprianoCapital social : 1 000 \u20acSIRET : 825 063 860 00019RCS : Ajaccio B 825 063 860Num\u00e9ro de TVA intracommunautaire : FR09825063860T\u00e9l\u00e9phone : +33 (0)6 19 99 41 48E-mail : marevista1@orange.frDirecteur de la publication : Laurent Micheletti H\u00e9bergementLe [&hellip;]\" \/>\n<meta property=\"og:url\" content=\"https:\/\/www.residence-giovanello-porto-pollo.com\/de\/mentions-legales\/\" \/>\n<meta property=\"og:site_name\" content=\"R\u00e9sidence Giovanello\" \/>\n<meta property=\"article:modified_time\" content=\"2025-01-10T05:05:44+00:00\" \/>\n<meta name=\"twitter:card\" content=\"summary_large_image\" \/>\n<meta name=\"twitter:label1\" content=\"Gesch\u00e4tzte Lesezeit\" \/>\n\t<meta name=\"twitter:data1\" content=\"2\u00a0Minuten\" \/>\n<script type=\"application\/ld+json\" class=\"yoast-schema-graph\">{\"@context\":\"https:\/\/schema.org\",\"@graph\":[{\"@type\":\"WebPage\",\"@id\":\"https:\/\/www.residence-giovanello-porto-pollo.com\/mentions-legales\/\",\"url\":\"https:\/\/www.residence-giovanello-porto-pollo.com\/mentions-legales\/\",\"name\":\"Mentions l\u00e9gales - R\u00e9sidence Giovanello\",\"isPartOf\":{\"@id\":\"https:\/\/www.residence-giovanello-porto-pollo.com\/#website\"},\"datePublished\":\"2025-01-09T05:48:37+00:00\",\"dateModified\":\"2025-01-10T05:05:44+00:00\",\"breadcrumb\":{\"@id\":\"https:\/\/www.residence-giovanello-porto-pollo.com\/mentions-legales\/#breadcrumb\"},\"inLanguage\":\"de\",\"potentialAction\":[{\"@type\":\"ReadAction\",\"target\":[\"https:\/\/www.residence-giovanello-porto-pollo.com\/mentions-legales\/\"]}]},{\"@type\":\"BreadcrumbList\",\"@id\":\"https:\/\/www.residence-giovanello-porto-pollo.com\/mentions-legales\/#breadcrumb\",\"itemListElement\":[{\"@type\":\"ListItem\",\"position\":1,\"name\":\"Accueil\",\"item\":\"https:\/\/www.residence-giovanello-porto-pollo.com\/\"},{\"@type\":\"ListItem\",\"position\":2,\"name\":\"Mentions l\u00e9gales\"}]},{\"@type\":\"WebSite\",\"@id\":\"https:\/\/www.residence-giovanello-porto-pollo.com\/#website\",\"url\":\"https:\/\/www.residence-giovanello-porto-pollo.com\/\",\"name\":\"R\u00e9sidence Giovanello\",\"description\":\"R\u00e9sidence h\u00f4teli\u00e8re \u00e0 Porto-Pollo\",\"publisher\":{\"@id\":\"https:\/\/www.residence-giovanello-porto-pollo.com\/#organization\"},\"potentialAction\":[{\"@type\":\"SearchAction\",\"target\":{\"@type\":\"EntryPoint\",\"urlTemplate\":\"https:\/\/www.residence-giovanello-porto-pollo.com\/?s={search_term_string}\"},\"query-input\":{\"@type\":\"PropertyValueSpecification\",\"valueRequired\":true,\"valueName\":\"search_term_string\"}}],\"inLanguage\":\"de\"},{\"@type\":\"Organization\",\"@id\":\"https:\/\/www.residence-giovanello-porto-pollo.com\/#organization\",\"name\":\"R\u00e9sidence Giovanello\",\"url\":\"https:\/\/www.residence-giovanello-porto-pollo.com\/\",\"logo\":{\"@type\":\"ImageObject\",\"inLanguage\":\"de\",\"@id\":\"https:\/\/www.residence-giovanello-porto-pollo.com\/#\/schema\/logo\/image\/\",\"url\":\"https:\/\/www.residence-giovanello-porto-pollo.com\/wp-content\/uploads\/2025\/01\/giovanello_logotype1.png\",\"contentUrl\":\"https:\/\/www.residence-giovanello-porto-pollo.com\/wp-content\/uploads\/2025\/01\/giovanello_logotype1.png\",\"width\":683,\"height\":179,\"caption\":\"R\u00e9sidence Giovanello\"},\"image\":{\"@id\":\"https:\/\/www.residence-giovanello-porto-pollo.com\/#\/schema\/logo\/image\/\"}}]}<\/script>\n<!-- \/ Yoast SEO plugin. -->","yoast_head_json":{"title":"Mentions l\u00e9gales - R\u00e9sidence Giovanello","robots":{"index":"index","follow":"follow","max-snippet":"max-snippet:-1","max-image-preview":"max-image-preview:large","max-video-preview":"max-video-preview:-1"},"canonical":"https:\/\/www.residence-giovanello-porto-pollo.com\/de\/mentions-legales\/","og_locale":"de_DE","og_type":"article","og_title":"Mentions l\u00e9gales - R\u00e9sidence Giovanello","og_description":"\u00c9diteur du siteLe pr\u00e9sent site est \u00e9dit\u00e9 par :SAS MAREVISTAAdresse : 4 A Funtana d&rsquo;U Frusteru, 20110 ProprianoCapital social : 1 000 \u20acSIRET : 825 063 860 00019RCS : Ajaccio B 825 063 860Num\u00e9ro de TVA intracommunautaire : FR09825063860T\u00e9l\u00e9phone : +33 (0)6 19 99 41 48E-mail : marevista1@orange.frDirecteur de la publication : Laurent Micheletti H\u00e9bergementLe [&hellip;]","og_url":"https:\/\/www.residence-giovanello-porto-pollo.com\/de\/mentions-legales\/","og_site_name":"R\u00e9sidence Giovanello","article_modified_time":"2025-01-10T05:05:44+00:00","twitter_card":"summary_large_image","twitter_misc":{"Gesch\u00e4tzte Lesezeit":"2\u00a0Minuten"},"schema":{"@context":"https:\/\/schema.org","@graph":[{"@type":"WebPage","@id":"https:\/\/www.residence-giovanello-porto-pollo.com\/mentions-legales\/","url":"https:\/\/www.residence-giovanello-porto-pollo.com\/mentions-legales\/","name":"Mentions l\u00e9gales - R\u00e9sidence Giovanello","isPartOf":{"@id":"https:\/\/www.residence-giovanello-porto-pollo.com\/#website"},"datePublished":"2025-01-09T05:48:37+00:00","dateModified":"2025-01-10T05:05:44+00:00","breadcrumb":{"@id":"https:\/\/www.residence-giovanello-porto-pollo.com\/mentions-legales\/#breadcrumb"},"inLanguage":"de","potentialAction":[{"@type":"ReadAction","target":["https:\/\/www.residence-giovanello-porto-pollo.com\/mentions-legales\/"]}]},{"@type":"BreadcrumbList","@id":"https:\/\/www.residence-giovanello-porto-pollo.com\/mentions-legales\/#breadcrumb","itemListElement":[{"@type":"ListItem","position":1,"name":"Accueil","item":"https:\/\/www.residence-giovanello-porto-pollo.com\/"},{"@type":"ListItem","position":2,"name":"Mentions l\u00e9gales"}]},{"@type":"WebSite","@id":"https:\/\/www.residence-giovanello-porto-pollo.com\/#website","url":"https:\/\/www.residence-giovanello-porto-pollo.com\/","name":"R\u00e9sidence Giovanello","description":"R\u00e9sidence h\u00f4teli\u00e8re \u00e0 Porto-Pollo","publisher":{"@id":"https:\/\/www.residence-giovanello-porto-pollo.com\/#organization"},"potentialAction":[{"@type":"SearchAction","target":{"@type":"EntryPoint","urlTemplate":"https:\/\/www.residence-giovanello-porto-pollo.com\/?s={search_term_string}"},"query-input":{"@type":"PropertyValueSpecification","valueRequired":true,"valueName":"search_term_string"}}],"inLanguage":"de"},{"@type":"Organization","@id":"https:\/\/www.residence-giovanello-porto-pollo.com\/#organization","name":"R\u00e9sidence Giovanello","url":"https:\/\/www.residence-giovanello-porto-pollo.com\/","logo":{"@type":"ImageObject","inLanguage":"de","@id":"https:\/\/www.residence-giovanello-porto-pollo.com\/#\/schema\/logo\/image\/","url":"https:\/\/www.residence-giovanello-porto-pollo.com\/wp-content\/uploads\/2025\/01\/giovanello_logotype1.png","contentUrl":"https:\/\/www.residence-giovanello-porto-pollo.com\/wp-content\/uploads\/2025\/01\/giovanello_logotype1.png","width":683,"height":179,"caption":"R\u00e9sidence Giovanello"},"image":{"@id":"https:\/\/www.residence-giovanello-porto-pollo.com\/#\/schema\/logo\/image\/"}}]}},"_links":{"self":[{"href":"https:\/\/www.residence-giovanello-porto-pollo.com\/de\/wp-json\/wp\/v2\/pages\/65","targetHints":{"allow":["GET"]}}],"collection":[{"href":"https:\/\/www.residence-giovanello-porto-pollo.com\/de\/wp-json\/wp\/v2\/pages"}],"about":[{"href":"https:\/\/www.residence-giovanello-porto-pollo.com\/de\/wp-json\/wp\/v2\/types\/page"}],"author":[{"embeddable":true,"href":"https:\/\/www.residence-giovanello-porto-pollo.com\/de\/wp-json\/wp\/v2\/users\/1"}],"replies":[{"embeddable":true,"href":"https:\/\/www.residence-giovanello-porto-pollo.com\/de\/wp-json\/wp\/v2\/comments?post=65"}],"version-history":[{"count":2,"href":"https:\/\/www.residence-giovanello-porto-pollo.com\/de\/wp-json\/wp\/v2\/pages\/65\/revisions"}],"predecessor-version":[{"id":305,"href":"https:\/\/www.residence-giovanello-porto-pollo.com\/de\/wp-json\/wp\/v2\/pages\/65\/revisions\/305"}],"wp:attachment":[{"href":"https:\/\/www.residence-giovanello-porto-pollo.com\/de\/wp-json\/wp\/v2\/media?parent=65"}],"curies":[{"name":"wp","href":"https:\/\/api.w.org\/{rel}","templated":true}]}}